{"id":1467,"date":"2023-01-23T10:48:52","date_gmt":"2023-01-23T15:48:52","guid":{"rendered":"https:\/\/industriesfm.com\/?post_type=product&#038;p=1467"},"modified":"2023-03-27T13:52:47","modified_gmt":"2023-03-27T17:52:47","slug":"exterieur-et-interieur-vinyle-miroir-brosse-effacable-a-sec-glow-in-dark-etc-largeur-de-15po-a-48po","status":"publish","type":"product","link":"https:\/\/industriesfm.com\/en\/produit\/exterieur-et-interieur-vinyle-miroir-brosse-effacable-a-sec-glow-in-dark-etc-largeur-de-15po-a-48po\/","title":{"rendered":"Ext\u00e9rieur et int\u00e9rieur, vinyle miroir, bross\u00e9, effa\u00e7able \u00e0 sec, glow in dark etc largeur de 15po \u00e0 48po"},"content":{"rendered":"","protected":false},"excerpt":{"rendered":"","protected":false},"featured_media":0,"comment_status":"closed","ping_status":"closed","template":"","meta":{"_acf_changed":false},"product_cat":[32],"product_tag":[],"class_list":{"0":"post-1467","1":"product","2":"type-product","3":"status-publish","5":"product_cat-industrial-packaging","7":"first","8":"instock","9":"shipping-taxable","10":"product-type-simple"},"acf":[],"yoast_head":"<!-- This site is optimized with the Yoast SEO plugin v22.1 - https:\/\/yoast.com\/wordpress\/plugins\/seo\/ -->\n<title>Ext\u00e9rieur et int\u00e9rieur, vinyle miroir, bross\u00e9, effa\u00e7able \u00e0 sec, glow in dark etc largeur de 15po \u00e0 48po - Industries FM<\/title>\n<meta name=\"robots\" content=\"noindex, follow\" \/>\n<meta property=\"og:locale\" content=\"en_US\" \/>\n<meta property=\"og:type\" content=\"article\" \/>\n<meta property=\"og:title\" content=\"Ext\u00e9rieur et int\u00e9rieur, vinyle miroir, bross\u00e9, effa\u00e7able \u00e0 sec, glow in dark etc largeur de 15po \u00e0 48po - Industries FM\" \/>\n<meta property=\"og:url\" content=\"https:\/\/industriesfm.com\/en\/produit\/exterieur-et-interieur-vinyle-miroir-brosse-effacable-a-sec-glow-in-dark-etc-largeur-de-15po-a-48po\/\" \/>\n<meta property=\"og:site_name\" content=\"Industries FM\" \/>\n<meta property=\"article:modified_time\" content=\"2023-03-27T17:52:47+00:00\" \/>\n<meta name=\"twitter:card\" content=\"summary_large_image\" \/>\n<script type=\"application\/ld+json\" class=\"yoast-schema-graph\">{\"@context\":\"https:\/\/schema.org\",\"@graph\":[{\"@type\":\"WebPage\",\"@id\":\"https:\/\/industriesfm.com\/en\/produit\/exterieur-et-interieur-vinyle-miroir-brosse-effacable-a-sec-glow-in-dark-etc-largeur-de-15po-a-48po\/\",\"url\":\"https:\/\/industriesfm.com\/en\/produit\/exterieur-et-interieur-vinyle-miroir-brosse-effacable-a-sec-glow-in-dark-etc-largeur-de-15po-a-48po\/\",\"name\":\"Ext\u00e9rieur et int\u00e9rieur, vinyle miroir, bross\u00e9, effa\u00e7able \u00e0 sec, glow in dark etc largeur de 15po \u00e0 48po - Industries FM\",\"isPartOf\":{\"@id\":\"https:\/\/industriesfm.com\/en\/#website\"},\"datePublished\":\"2023-01-23T15:48:52+00:00\",\"dateModified\":\"2023-03-27T17:52:47+00:00\",\"breadcrumb\":{\"@id\":\"https:\/\/industriesfm.com\/en\/produit\/exterieur-et-interieur-vinyle-miroir-brosse-effacable-a-sec-glow-in-dark-etc-largeur-de-15po-a-48po\/#breadcrumb\"},\"inLanguage\":\"en-US\",\"potentialAction\":[{\"@type\":\"ReadAction\",\"target\":[\"https:\/\/industriesfm.com\/en\/produit\/exterieur-et-interieur-vinyle-miroir-brosse-effacable-a-sec-glow-in-dark-etc-largeur-de-15po-a-48po\/\"]}]},{\"@type\":\"BreadcrumbList\",\"@id\":\"https:\/\/industriesfm.com\/en\/produit\/exterieur-et-interieur-vinyle-miroir-brosse-effacable-a-sec-glow-in-dark-etc-largeur-de-15po-a-48po\/#breadcrumb\",\"itemListElement\":[{\"@type\":\"ListItem\",\"position\":1,\"name\":\"Products\",\"item\":\"https:\/\/industriesfm.com\/en\/?page_id=182\"},{\"@type\":\"ListItem\",\"position\":2,\"name\":\"Ext\u00e9rieur et int\u00e9rieur, vinyle miroir, bross\u00e9, effa\u00e7able \u00e0 sec, glow in dark etc largeur de 15po \u00e0 48po\"}]},{\"@type\":\"WebSite\",\"@id\":\"https:\/\/industriesfm.com\/en\/#website\",\"url\":\"https:\/\/industriesfm.com\/en\/\",\"name\":\"Industries FM\",\"description\":\"\",\"potentialAction\":[{\"@type\":\"SearchAction\",\"target\":{\"@type\":\"EntryPoint\",\"urlTemplate\":\"https:\/\/industriesfm.com\/en\/?s={search_term_string}\"},\"query-input\":\"required name=search_term_string\"}],\"inLanguage\":\"en-US\"}]}<\/script>\n<!-- \/ Yoast SEO plugin. -->","yoast_head_json":{"title":"Ext\u00e9rieur et int\u00e9rieur, vinyle miroir, bross\u00e9, effa\u00e7able \u00e0 sec, glow in dark etc largeur de 15po \u00e0 48po - Industries FM","robots":{"index":"noindex","follow":"follow"},"og_locale":"en_US","og_type":"article","og_title":"Ext\u00e9rieur et int\u00e9rieur, vinyle miroir, bross\u00e9, effa\u00e7able \u00e0 sec, glow in dark etc largeur de 15po \u00e0 48po - Industries FM","og_url":"https:\/\/industriesfm.com\/en\/produit\/exterieur-et-interieur-vinyle-miroir-brosse-effacable-a-sec-glow-in-dark-etc-largeur-de-15po-a-48po\/","og_site_name":"Industries FM","article_modified_time":"2023-03-27T17:52:47+00:00","twitter_card":"summary_large_image","schema":{"@context":"https:\/\/schema.org","@graph":[{"@type":"WebPage","@id":"https:\/\/industriesfm.com\/en\/produit\/exterieur-et-interieur-vinyle-miroir-brosse-effacable-a-sec-glow-in-dark-etc-largeur-de-15po-a-48po\/","url":"https:\/\/industriesfm.com\/en\/produit\/exterieur-et-interieur-vinyle-miroir-brosse-effacable-a-sec-glow-in-dark-etc-largeur-de-15po-a-48po\/","name":"Ext\u00e9rieur et int\u00e9rieur, vinyle miroir, bross\u00e9, effa\u00e7able \u00e0 sec, glow in dark etc largeur de 15po \u00e0 48po - Industries FM","isPartOf":{"@id":"https:\/\/industriesfm.com\/en\/#website"},"datePublished":"2023-01-23T15:48:52+00:00","dateModified":"2023-03-27T17:52:47+00:00","breadcrumb":{"@id":"https:\/\/industriesfm.com\/en\/produit\/exterieur-et-interieur-vinyle-miroir-brosse-effacable-a-sec-glow-in-dark-etc-largeur-de-15po-a-48po\/#breadcrumb"},"inLanguage":"en-US","potentialAction":[{"@type":"ReadAction","target":["https:\/\/industriesfm.com\/en\/produit\/exterieur-et-interieur-vinyle-miroir-brosse-effacable-a-sec-glow-in-dark-etc-largeur-de-15po-a-48po\/"]}]},{"@type":"BreadcrumbList","@id":"https:\/\/industriesfm.com\/en\/produit\/exterieur-et-interieur-vinyle-miroir-brosse-effacable-a-sec-glow-in-dark-etc-largeur-de-15po-a-48po\/#breadcrumb","itemListElement":[{"@type":"ListItem","position":1,"name":"Products","item":"https:\/\/industriesfm.com\/en\/?page_id=182"},{"@type":"ListItem","position":2,"name":"Ext\u00e9rieur et int\u00e9rieur, vinyle miroir, bross\u00e9, effa\u00e7able \u00e0 sec, glow in dark etc largeur de 15po \u00e0 48po"}]},{"@type":"WebSite","@id":"https:\/\/industriesfm.com\/en\/#website","url":"https:\/\/industriesfm.com\/en\/","name":"Industries FM","description":"","potentialAction":[{"@type":"SearchAction","target":{"@type":"EntryPoint","urlTemplate":"https:\/\/industriesfm.com\/en\/?s={search_term_string}"},"query-input":"required name=search_term_string"}],"inLanguage":"en-US"}]}},"_links":{"self":[{"href":"https:\/\/industriesfm.com\/en\/wp-json\/wp\/v2\/product\/1467","targetHints":{"allow":["GET"]}}],"collection":[{"href":"https:\/\/industriesfm.com\/en\/wp-json\/wp\/v2\/product"}],"about":[{"href":"https:\/\/industriesfm.com\/en\/wp-json\/wp\/v2\/types\/product"}],"replies":[{"embeddable":true,"href":"https:\/\/industriesfm.com\/en\/wp-json\/wp\/v2\/comments?post=1467"}],"wp:attachment":[{"href":"https:\/\/industriesfm.com\/en\/wp-json\/wp\/v2\/media?parent=1467"}],"wp:term":[{"taxonomy":"product_cat","embeddable":true,"href":"https:\/\/industriesfm.com\/en\/wp-json\/wp\/v2\/product_cat?post=1467"},{"taxonomy":"product_tag","embeddable":true,"href":"https:\/\/industriesfm.com\/en\/wp-json\/wp\/v2\/product_tag?post=1467"}],"curies":[{"name":"wp","href":"https:\/\/api.w.org\/{rel}","templated":true}]}}