{"id":1441,"date":"2023-01-23T09:32:38","date_gmt":"2023-01-23T14:32:38","guid":{"rendered":"https:\/\/industriesfm.com\/?post_type=product&#038;p=1441"},"modified":"2023-03-27T11:51:14","modified_gmt":"2023-03-27T15:51:14","slug":"alumi-panel-et-alucobest","status":"publish","type":"product","link":"https:\/\/industriesfm.com\/en\/produit\/alumi-panel-et-alucobest\/","title":{"rendered":"Alumi-panel et Alucobest"},"content":{"rendered":"<p><span data-sheets-value=\"{&quot;1&quot;:2,&quot;2&quot;:&quot;Plusieurs dimensions, \u00e9paisseur disponibles .125 \u00e0 .375, couleur dans certaine \u00e9paisseur&quot;}\" data-sheets-userformat=\"{&quot;2&quot;:4737,&quot;3&quot;:{&quot;1&quot;:0},&quot;10&quot;:2,&quot;12&quot;:0,&quot;15&quot;:&quot;Arial&quot;}\">Plusieurs dimensions, \u00e9paisseurs disponibles .125 \u00e0 .375, couleurs dans certaines \u00e9paisseurs<\/span><\/p>\n","protected":false},"excerpt":{"rendered":"Plusieurs dimensions, \u00e9paisseurs disponibles .125 \u00e0 .375, couleurs dans certaines \u00e9paisseurs","protected":false},"featured_media":0,"comment_status":"closed","ping_status":"closed","template":"","meta":{"_acf_changed":false},"product_cat":[26],"product_tag":[],"class_list":{"0":"post-1441","1":"product","2":"type-product","3":"status-publish","5":"product_cat-emballage-industriel","7":"first","8":"instock","9":"shipping-taxable","10":"product-type-simple"},"acf":[],"yoast_head":"<!-- This site is optimized with the Yoast SEO plugin v22.1 - https:\/\/yoast.com\/wordpress\/plugins\/seo\/ -->\n<title>Alumi-panel et Alucobest - Industries FM<\/title>\n<meta name=\"robots\" content=\"noindex, follow\" \/>\n<meta property=\"og:locale\" content=\"en_US\" \/>\n<meta property=\"og:type\" content=\"article\" \/>\n<meta property=\"og:title\" content=\"Alumi-panel et Alucobest - Industries FM\" \/>\n<meta property=\"og:description\" content=\"Plusieurs dimensions, \u00e9paisseurs disponibles .125 \u00e0 .375, couleurs dans certaines \u00e9paisseurs\" \/>\n<meta property=\"og:url\" content=\"https:\/\/industriesfm.com\/en\/produit\/alumi-panel-et-alucobest\/\" \/>\n<meta property=\"og:site_name\" content=\"Industries FM\" \/>\n<meta property=\"article:modified_time\" content=\"2023-03-27T15:51:14+00:00\" \/>\n<meta name=\"twitter:card\" content=\"summary_large_image\" \/>\n<meta name=\"twitter:label1\" content=\"Est. reading time\" \/>\n\t<meta name=\"twitter:data1\" content=\"1 minute\" \/>\n<script type=\"application\/ld+json\" class=\"yoast-schema-graph\">{\"@context\":\"https:\/\/schema.org\",\"@graph\":[{\"@type\":\"WebPage\",\"@id\":\"https:\/\/industriesfm.com\/en\/produit\/alumi-panel-et-alucobest\/\",\"url\":\"https:\/\/industriesfm.com\/en\/produit\/alumi-panel-et-alucobest\/\",\"name\":\"Alumi-panel et Alucobest - Industries FM\",\"isPartOf\":{\"@id\":\"https:\/\/industriesfm.com\/en\/#website\"},\"datePublished\":\"2023-01-23T14:32:38+00:00\",\"dateModified\":\"2023-03-27T15:51:14+00:00\",\"breadcrumb\":{\"@id\":\"https:\/\/industriesfm.com\/en\/produit\/alumi-panel-et-alucobest\/#breadcrumb\"},\"inLanguage\":\"en-US\",\"potentialAction\":[{\"@type\":\"ReadAction\",\"target\":[\"https:\/\/industriesfm.com\/en\/produit\/alumi-panel-et-alucobest\/\"]}]},{\"@type\":\"BreadcrumbList\",\"@id\":\"https:\/\/industriesfm.com\/en\/produit\/alumi-panel-et-alucobest\/#breadcrumb\",\"itemListElement\":[{\"@type\":\"ListItem\",\"position\":1,\"name\":\"Products\",\"item\":\"https:\/\/industriesfm.com\/en\/?page_id=182\"},{\"@type\":\"ListItem\",\"position\":2,\"name\":\"Alumi-panel et Alucobest\"}]},{\"@type\":\"WebSite\",\"@id\":\"https:\/\/industriesfm.com\/en\/#website\",\"url\":\"https:\/\/industriesfm.com\/en\/\",\"name\":\"Industries FM\",\"description\":\"\",\"potentialAction\":[{\"@type\":\"SearchAction\",\"target\":{\"@type\":\"EntryPoint\",\"urlTemplate\":\"https:\/\/industriesfm.com\/en\/?s={search_term_string}\"},\"query-input\":\"required name=search_term_string\"}],\"inLanguage\":\"en-US\"}]}<\/script>\n<!-- \/ Yoast SEO plugin. -->","yoast_head_json":{"title":"Alumi-panel et Alucobest - Industries FM","robots":{"index":"noindex","follow":"follow"},"og_locale":"en_US","og_type":"article","og_title":"Alumi-panel et Alucobest - Industries FM","og_description":"Plusieurs dimensions, \u00e9paisseurs disponibles .125 \u00e0 .375, couleurs dans certaines \u00e9paisseurs","og_url":"https:\/\/industriesfm.com\/en\/produit\/alumi-panel-et-alucobest\/","og_site_name":"Industries FM","article_modified_time":"2023-03-27T15:51:14+00:00","twitter_card":"summary_large_image","twitter_misc":{"Est. reading time":"1 minute"},"schema":{"@context":"https:\/\/schema.org","@graph":[{"@type":"WebPage","@id":"https:\/\/industriesfm.com\/en\/produit\/alumi-panel-et-alucobest\/","url":"https:\/\/industriesfm.com\/en\/produit\/alumi-panel-et-alucobest\/","name":"Alumi-panel et Alucobest - Industries FM","isPartOf":{"@id":"https:\/\/industriesfm.com\/en\/#website"},"datePublished":"2023-01-23T14:32:38+00:00","dateModified":"2023-03-27T15:51:14+00:00","breadcrumb":{"@id":"https:\/\/industriesfm.com\/en\/produit\/alumi-panel-et-alucobest\/#breadcrumb"},"inLanguage":"en-US","potentialAction":[{"@type":"ReadAction","target":["https:\/\/industriesfm.com\/en\/produit\/alumi-panel-et-alucobest\/"]}]},{"@type":"BreadcrumbList","@id":"https:\/\/industriesfm.com\/en\/produit\/alumi-panel-et-alucobest\/#breadcrumb","itemListElement":[{"@type":"ListItem","position":1,"name":"Products","item":"https:\/\/industriesfm.com\/en\/?page_id=182"},{"@type":"ListItem","position":2,"name":"Alumi-panel et Alucobest"}]},{"@type":"WebSite","@id":"https:\/\/industriesfm.com\/en\/#website","url":"https:\/\/industriesfm.com\/en\/","name":"Industries FM","description":"","potentialAction":[{"@type":"SearchAction","target":{"@type":"EntryPoint","urlTemplate":"https:\/\/industriesfm.com\/en\/?s={search_term_string}"},"query-input":"required name=search_term_string"}],"inLanguage":"en-US"}]}},"_links":{"self":[{"href":"https:\/\/industriesfm.com\/en\/wp-json\/wp\/v2\/product\/1441","targetHints":{"allow":["GET"]}}],"collection":[{"href":"https:\/\/industriesfm.com\/en\/wp-json\/wp\/v2\/product"}],"about":[{"href":"https:\/\/industriesfm.com\/en\/wp-json\/wp\/v2\/types\/product"}],"replies":[{"embeddable":true,"href":"https:\/\/industriesfm.com\/en\/wp-json\/wp\/v2\/comments?post=1441"}],"wp:attachment":[{"href":"https:\/\/industriesfm.com\/en\/wp-json\/wp\/v2\/media?parent=1441"}],"wp:term":[{"taxonomy":"product_cat","embeddable":true,"href":"https:\/\/industriesfm.com\/en\/wp-json\/wp\/v2\/product_cat?post=1441"},{"taxonomy":"product_tag","embeddable":true,"href":"https:\/\/industriesfm.com\/en\/wp-json\/wp\/v2\/product_tag?post=1441"}],"curies":[{"name":"wp","href":"https:\/\/api.w.org\/{rel}","templated":true}]}}